{"id":29,"date":"2025-05-14T17:42:55","date_gmt":"2025-05-14T17:42:55","guid":{"rendered":"https:\/\/nasserfoods.de\/?page_id=29"},"modified":"2025-06-09T21:08:51","modified_gmt":"2025-06-09T19:08:51","slug":"refund_returns","status":"publish","type":"page","link":"https:\/\/nasserfoods.de\/de\/refund_returns\/","title":{"rendered":"R\u00fcckgabe- und Erstattungsrichtlinie"},"content":{"rendered":"<div dir=\"ltr\" style=\"font-family: Arial, sans-serif; line-height: 1.7; font-size: 15px; max-width: 700px; margin: auto;\">\n\n  <h2>Widerrufsbelehrung<\/h2>\n\n  <p>\n    Unsere Angebote richten sich ausschlie\u00dflich an gewerbliche Kunden (Wiederverk\u00e4ufer, Einzelh\u00e4ndler, Gastronomen). Ein gesetzliches Widerrufsrecht f\u00fcr Verbraucher besteht daher nicht.\n  <\/p>\n\n  <p>\n    Sollten Sie dennoch Fragen zu einer Bestellung oder R\u00fcckgabe haben, kontaktieren Sie uns bitte unter:\n    <br>\n    <strong>Ronimarkt@outlook.com<\/strong> oder telefonisch unter <strong>0178 416 49683<\/strong>.\n  <\/p>\n\n<\/div>","protected":false},"excerpt":{"rendered":"<p>Widerrufsbelehrung Unsere Angebote richten sich ausschlie\u00dflich an gewerbliche Kunden (Wiederverk\u00e4ufer, Einzelh\u00e4ndler, Gastronomen). Ein gesetzliches Widerrufsrecht f\u00fcr Verbraucher besteht daher nicht. Sollten Sie dennoch Fragen zu einer Bestellung oder R\u00fcckgabe haben, kontaktieren Sie uns bitte unter: Ronimarkt@outlook.com oder telefonisch unter 0178 416 49683.<\/p>","protected":false},"author":1,"featured_media":0,"parent":0,"menu_order":0,"comment_status":"closed","ping_status":"closed","template":"","meta":{"_uag_custom_page_level_css":"","site-sidebar-layout":"default","site-content-layout":"","ast-site-content-layout":"default","site-content-style":"default","site-sidebar-style":"default","ast-global-header-display":"","ast-banner-title-visibility":"","ast-main-header-display":"","ast-hfb-above-header-display":"","ast-hfb-below-header-display":"","ast-hfb-mobile-header-display":"","site-post-title":"","ast-breadcrumbs-content":"","ast-featured-img":"","footer-sml-layout":"","ast-disable-related-posts":"","theme-transparent-header-meta":"","adv-header-id-meta":"","stick-header-meta":"","header-above-stick-meta":"","header-main-stick-meta":"","header-below-stick-meta":"","astra-migrate-meta-layouts":"set","ast-page-background-enabled":"default","ast-page-background-meta":{"desktop":{"background-color":"","background-image":"","background-repeat":"repeat","background-position":"center center","background-size":"auto","background-attachment":"scroll","background-type":"","background-media":"","overlay-type":"","overlay-color":"","overlay-opacity":"","overlay-gradient":""},"tablet":{"background-color":"","background-image":"","background-repeat":"repeat","background-position":"center center","background-size":"auto","background-attachment":"scroll","background-type":"","background-media":"","overlay-type":"","overlay-color":"","overlay-opacity":"","overlay-gradient":""},"mobile":{"background-color":"","background-image":"","background-repeat":"repeat","background-position":"center center","background-size":"auto","background-attachment":"scroll","background-type":"","background-media":"","overlay-type":"","overlay-color":"","overlay-opacity":"","overlay-gradient":""}},"ast-content-background-meta":{"desktop":{"background-color":"var(--ast-global-color-5)","background-image":"","background-repeat":"repeat","background-position":"center center","background-size":"auto","background-attachment":"scroll","background-type":"","background-media":"","overlay-type":"","overlay-color":"","overlay-opacity":"","overlay-gradient":""},"tablet":{"background-color":"var(--ast-global-color-5)","background-image":"","background-repeat":"repeat","background-position":"center center","background-size":"auto","background-attachment":"scroll","background-type":"","background-media":"","overlay-type":"","overlay-color":"","overlay-opacity":"","overlay-gradient":""},"mobile":{"background-color":"var(--ast-global-color-5)","background-image":"","background-repeat":"repeat","background-position":"center center","background-size":"auto","background-attachment":"scroll","background-type":"","background-media":"","overlay-type":"","overlay-color":"","overlay-opacity":"","overlay-gradient":""}},"footnotes":""},"class_list":["post-29","page","type-page","status-publish","hentry"],"uagb_featured_image_src":{"full":false,"thumbnail":false,"medium":false,"medium_large":false,"large":false,"1536x1536":false,"2048x2048":false,"trp-custom-language-flag":false,"woocommerce_thumbnail":false,"woocommerce_single":false,"woocommerce_gallery_thumbnail":false},"uagb_author_info":{"display_name":"Alaa","author_link":"https:\/\/nasserfoods.de\/de\/author\/almahairi94gmail-com\/"},"uagb_comment_info":0,"uagb_excerpt":"Widerrufsbelehrung Unsere Angebote richten sich ausschlie\u00dflich an gewerbliche Kunden (Wiederverk\u00e4ufer, Einzelh\u00e4ndler, Gastronomen). Ein gesetzliches Widerrufsrecht f\u00fcr Verbraucher besteht daher nicht. Sollten Sie dennoch Fragen zu einer Bestellung oder R\u00fcckgabe haben, kontaktieren Sie uns bitte unter: Ronimarkt@outlook.com oder telefonisch unter 0178 416 49683.","_links":{"self":[{"href":"https:\/\/nasserfoods.de\/de\/wp-json\/wp\/v2\/pages\/29","targetHints":{"allow":["GET"]}}],"collection":[{"href":"https:\/\/nasserfoods.de\/de\/wp-json\/wp\/v2\/pages"}],"about":[{"href":"https:\/\/nasserfoods.de\/de\/wp-json\/wp\/v2\/types\/page"}],"author":[{"embeddable":true,"href":"https:\/\/nasserfoods.de\/de\/wp-json\/wp\/v2\/users\/1"}],"replies":[{"embeddable":true,"href":"https:\/\/nasserfoods.de\/de\/wp-json\/wp\/v2\/comments?post=29"}],"version-history":[{"count":4,"href":"https:\/\/nasserfoods.de\/de\/wp-json\/wp\/v2\/pages\/29\/revisions"}],"predecessor-version":[{"id":5524,"href":"https:\/\/nasserfoods.de\/de\/wp-json\/wp\/v2\/pages\/29\/revisions\/5524"}],"wp:attachment":[{"href":"https:\/\/nasserfoods.de\/de\/wp-json\/wp\/v2\/media?parent=29"}],"curies":[{"name":"wp","href":"https:\/\/api.w.org\/{rel}","templated":true}]}}